{"id":770,"date":"2025-08-03T12:59:44","date_gmt":"2025-08-03T12:59:44","guid":{"rendered":"https:\/\/bostonguy.dev.pixelview.it\/?page_id=770"},"modified":"2025-08-03T21:24:03","modified_gmt":"2025-08-03T21:24:03","slug":"homepage-2","status":"publish","type":"page","link":"https:\/\/bostonguy.dev.pixelview.it\/","title":{"rendered":"Homepage"},"content":{"rendered":"\t\t<div data-elementor-type=\"wp-page\" data-elementor-id=\"770\" class=\"elementor elementor-770\" data-elementor-post-type=\"page\">\n\t\t\t\t<div class=\"elementor-element elementor-element-ec87477 elementor-hidden-mobile e-flex e-con-boxed e-con e-parent\" data-id=\"ec87477\" data-element_type=\"container\" data-settings=\"{&quot;background_background&quot;:&quot;video&quot;,&quot;background_video_link&quot;:&quot;http:\\\/\\\/bostonguy.dev.pixelview.it\\\/wp-content\\\/uploads\\\/2025\\\/08\\\/e31ddb85bfca4f0295e32469240f7140.mp4&quot;,&quot;background_play_on_mobile&quot;:&quot;yes&quot;}\">\n\t\t\t\t\t<div class=\"e-con-inner\">\n\t\t<div class=\"elementor-background-video-container\">\n\t\t\t\t\t\t\t<video class=\"elementor-background-video-hosted\" autoplay muted playsinline loop><\/video>\n\t\t\t\t\t<\/div>\t\t\t<\/div>\n\t\t\t\t<\/div>\n\t\t<div class=\"elementor-element elementor-element-c98bd2c elementor-hidden-desktop elementor-hidden-tablet e-flex e-con-boxed e-con e-parent\" data-id=\"c98bd2c\" data-element_type=\"container\" data-settings=\"{&quot;background_background&quot;:&quot;video&quot;,&quot;background_video_link&quot;:&quot;http:\\\/\\\/bostonguy.dev.pixelview.it\\\/wp-content\\\/uploads\\\/2025\\\/08\\\/c2ee9ce39ca54859b7a31f1a22c086ec.mp4&quot;,&quot;background_play_on_mobile&quot;:&quot;yes&quot;}\">\n\t\t\t\t\t<div class=\"e-con-inner\">\n\t\t<div class=\"elementor-background-video-container\">\n\t\t\t\t\t\t\t<video class=\"elementor-background-video-hosted\" autoplay muted playsinline loop><\/video>\n\t\t\t\t\t<\/div>\t\t\t<\/div>\n\t\t\t\t<\/div>\n\t\t<div class=\"elementor-element elementor-element-ae1fdd4 e-flex e-con-boxed e-con e-parent\" data-id=\"ae1fdd4\" data-element_type=\"container\" data-settings=\"{&quot;background_background&quot;:&quot;classic&quot;}\">\n\t\t\t\t\t<div class=\"e-con-inner\">\n\t\t<div class=\"elementor-element elementor-element-0a8282e e-grid e-con-full e-con e-child\" data-id=\"0a8282e\" data-element_type=\"container\">\n\t\t<div class=\"elementor-element elementor-element-c2526a3 e-con-full e-flex e-con e-child\" data-id=\"c2526a3\" data-element_type=\"container\">\n\t\t\t\t<div class=\"elementor-element elementor-element-a79d84d elementor-widget elementor-widget-text-editor\" data-id=\"a79d84d\" data-element_type=\"widget\" data-widget_type=\"text-editor.default\">\n\t\t\t\t\t\t\t\t\tCONCEPT\t\t\t\t\t\t\t\t<\/div>\n\t\t\t\t<div class=\"elementor-element elementor-element-97f24a5 elementor-widget elementor-widget-text-editor\" data-id=\"97f24a5\" data-element_type=\"widget\" data-widget_type=\"text-editor.default\">\n\t\t\t\t\t\t\t\t\tIl primo magazine della Costa Smeralda, le Range Rover a tre porte del 1986, un rinomato tender \u2013 Boston Whaler 13\u2019 \u2013 che trasborda Jackie Kennedy e Aristotele Onassis dal Christina O\u2019, l\u2019hotel Calda di Volpe in costruzione, colorate e fantasiose spugne di Herm\u00e8s, un Aga Khan giovane e sorridente immerso nei paesaggi delineati magistralmente da Couelle e Busiri Vici. Unico comune denominatore \u2013 l\u2019eleganza.\t\t\t\t\t\t\t\t<\/div>\n\t\t\t\t<\/div>\n\t\t<div class=\"elementor-element elementor-element-f5cd6af e-con-full e-flex e-con e-child\" data-id=\"f5cd6af\" data-element_type=\"container\">\n\t\t\t\t<div class=\"elementor-element elementor-element-db90eb7 elementor-widget elementor-widget-text-editor\" data-id=\"db90eb7\" data-element_type=\"widget\" data-widget_type=\"text-editor.default\">\n\t\t\t\t\t\t\t\t\tCOMPANY\t\t\t\t\t\t\t\t<\/div>\n\t\t\t\t<div class=\"elementor-element elementor-element-cec25d3 elementor-widget elementor-widget-text-editor\" data-id=\"cec25d3\" data-element_type=\"widget\" data-widget_type=\"text-editor.default\">\n\t\t\t\t\t\t\t\t\tThe Boston Guy \u00e8 una societ\u00e0 che opera nel settore della nautica e del restauro di imbarcazioni da diporto.\nFondata nel 2024, ad oggi, la societ\u00e0 \u00e8 attiva principalmente in Italia e, al tempo stesso, spedisce in tutto il mondo le proprie imbarcazioni. Nel 2025 sono previste ulteriori basi logistiche negli Stati Uniti d\u2019America e negli Emirati Arabi Uniti. Il quartier generale \u00e8 a Cala di Volpe, Sardegna, Italia.\t\t\t\t\t\t\t\t<\/div>\n\t\t\t\t<\/div>\n\t\t<div class=\"elementor-element elementor-element-6d984c5 e-con-full e-flex e-con e-child\" data-id=\"6d984c5\" data-element_type=\"container\">\n\t\t\t\t<div class=\"elementor-element elementor-element-8b3ad25 elementor-widget elementor-widget-text-editor\" data-id=\"8b3ad25\" data-element_type=\"widget\" data-widget_type=\"text-editor.default\">\n\t\t\t\t\t\t\t\t\tMISSION\t\t\t\t\t\t\t\t<\/div>\n\t\t\t\t<div class=\"elementor-element elementor-element-6405a3a elementor-widget elementor-widget-text-editor\" data-id=\"6405a3a\" data-element_type=\"widget\" data-widget_type=\"text-editor.default\">\n\t\t\t\t\t\t\t\t\tIl progetto ruota attorno alla ristrutturazione completa o parziale di vecchi Boston Whaler di tutte le metrature.\nIl business ha una doppia direzione, da un lato vi \u00e8 la ricerca e l\u2019acquisto di barche dismesse che vengono prima ristrutturate per poi esser rivendute a seconda delle specifiche del cliente, dall\u2019altro vi sono gli armatori, gi\u00e0 proprietari, che affidano le proprie imbarcazioni per recuperarle, aggiornarle e personalizzarle.\t\t\t\t\t\t\t\t<\/div>\n\t\t\t\t<\/div>\n\t\t\t\t<\/div>\n\t\t\t\t\t<\/div>\n\t\t\t\t<\/div>\n\t\t<div class=\"elementor-element elementor-element-a792412 e-flex e-con-boxed e-con e-parent\" data-id=\"a792412\" data-element_type=\"container\">\n\t\t\t\t\t<div class=\"e-con-inner\">\n\t\t<div class=\"elementor-element elementor-element-4dfb14f e-con-full e-flex e-con e-child\" data-id=\"4dfb14f\" data-element_type=\"container\" data-settings=\"{&quot;background_background&quot;:&quot;classic&quot;}\">\n\t\t<div class=\"elementor-element elementor-element-e8255c0 e-con-full e-flex e-con e-child\" data-id=\"e8255c0\" data-element_type=\"container\" data-settings=\"{&quot;background_background&quot;:&quot;classic&quot;}\">\n\t\t\t\t<\/div>\n\t\t<div class=\"elementor-element elementor-element-a42ffc0 e-con-full e-flex e-con e-child\" data-id=\"a42ffc0\" data-element_type=\"container\">\n\t\t\t\t<div class=\"elementor-element elementor-element-97f7e9b elementor-widget elementor-widget-heading\" data-id=\"97f7e9b\" data-element_type=\"widget\" data-widget_type=\"heading.default\">\n\t\t\t\t\t<h2 class=\"elementor-heading-title elementor-size-default\">CONTATTACI<\/h2>\t\t\t\t<\/div>\n\t\t\t\t<div class=\"elementor-element elementor-element-f68fa78 elementor-widget elementor-widget-text-editor\" data-id=\"f68fa78\" data-element_type=\"widget\" data-widget_type=\"text-editor.default\">\n\t\t\t\t\t\t\t\t\t<p>Siamo a tua disposizione per qualsiasi informazione, richiesta di personalizzazione o per avviare il processo di restauro del tuo Boston Whaler. Compila il modulo sottostante.<\/p><p>Comprendiamo il valore della riservatezza. Ogni informazione condivisa con The Boston Guy \u00e8 trattata con la massima confidenzialit\u00e0. Il nostro impegno \u00e8 garantirvi non solo un servizio impeccabile, ma anche la totale tranquillit\u00e0 e sicurezza in ogni interazione.<\/p>\t\t\t\t\t\t\t\t<\/div>\n\t\t\t\t<div class=\"elementor-element elementor-element-eb53a11 elementor-button-align-stretch elementor-widget elementor-widget-form\" data-id=\"eb53a11\" data-element_type=\"widget\" data-settings=\"{&quot;step_next_label&quot;:&quot;Next&quot;,&quot;step_previous_label&quot;:&quot;Previous&quot;,&quot;button_width&quot;:&quot;100&quot;,&quot;step_type&quot;:&quot;number_text&quot;,&quot;step_icon_shape&quot;:&quot;circle&quot;}\" data-widget_type=\"form.default\">\n\t\t\t\t\t\t\t<form class=\"elementor-form\" method=\"post\" name=\"New Form\" aria-label=\"New Form\">\n\t\t\t<input type=\"hidden\" name=\"post_id\" value=\"770\"\/>\n\t\t\t<input type=\"hidden\" name=\"form_id\" value=\"eb53a11\"\/>\n\t\t\t<input type=\"hidden\" name=\"referer_title\" value=\"\" \/>\n\n\t\t\t\t\t\t\t<input type=\"hidden\" name=\"queried_id\" value=\"770\"\/>\n\t\t\t\n\t\t\t<div class=\"elementor-form-fields-wrapper elementor-labels-above\">\n\t\t\t\t\t\t\t\t<div class=\"elementor-field-type-text elementor-field-group elementor-column elementor-field-group-name elementor-col-100 elementor-field-required\">\n\t\t\t\t\t\t\t\t\t\t\t\t\t<input size=\"1\" type=\"text\" name=\"form_fields[name]\" id=\"form-field-name\" class=\"elementor-field elementor-size-lg  elementor-field-textual\" placeholder=\"Nome\" required=\"required\">\n\t\t\t\t\t\t\t\t\t\t\t<\/div>\n\t\t\t\t\t\t\t\t<div class=\"elementor-field-type-email elementor-field-group elementor-column elementor-field-group-email elementor-col-100 elementor-field-required\">\n\t\t\t\t\t\t\t\t\t\t\t\t\t<input size=\"1\" type=\"email\" name=\"form_fields[email]\" id=\"form-field-email\" class=\"elementor-field elementor-size-lg  elementor-field-textual\" placeholder=\"Email\" required=\"required\">\n\t\t\t\t\t\t\t\t\t\t\t<\/div>\n\t\t\t\t\t\t\t\t<div class=\"elementor-field-type-number elementor-field-group elementor-column elementor-field-group-field_d4bb28b elementor-col-100 elementor-field-required\">\n\t\t\t\t\t\t\t\t<input type=\"number\" name=\"form_fields[field_d4bb28b]\" id=\"form-field-field_d4bb28b\" class=\"elementor-field elementor-size-lg  elementor-field-textual\" placeholder=\"Telefono\" required=\"required\" min=\"\" max=\"\" >\n\t\t\t\t\t\t<\/div>\n\t\t\t\t\t\t\t\t<div class=\"elementor-field-type-textarea elementor-field-group elementor-column elementor-field-group-message elementor-col-100\">\n\t\t\t\t\t<textarea class=\"elementor-field-textual elementor-field  elementor-size-lg\" name=\"form_fields[message]\" id=\"form-field-message\" rows=\"4\" placeholder=\"Messaggio\"><\/textarea>\t\t\t\t<\/div>\n\t\t\t\t\t\t\t\t<div class=\"elementor-field-group elementor-column elementor-field-type-submit elementor-col-100 e-form__buttons\">\n\t\t\t\t\t<button class=\"elementor-button elementor-size-sm\" type=\"submit\">\n\t\t\t\t\t\t<span class=\"elementor-button-content-wrapper\">\n\t\t\t\t\t\t\t\t\t\t\t\t\t\t\t\t\t\t\t\t\t\t<span class=\"elementor-button-text\">INVIA RICHIESTA<\/span>\n\t\t\t\t\t\t\t\t\t\t\t\t\t<\/span>\n\t\t\t\t\t<\/button>\n\t\t\t\t<\/div>\n\t\t\t<\/div>\n\t\t<\/form>\n\t\t\t\t\t\t<\/div>\n\t\t\t\t<\/div>\n\t\t\t\t<\/div>\n\t\t\t\t\t<\/div>\n\t\t\t\t<\/div>\n\t\t\t\t<\/div>\n\t\t","protected":false},"excerpt":{"rendered":"<p>CONCEPTIl primo magazine della Costa Smeralda, le Range Rover a tre porte del 1986, un rinomato tender \u2013 Boston Whaler 13\u2019 \u2013 che trasborda Jackie Kennedy e Aristotele Onassis dal Christina O\u2019, l\u2019hotel Calda di Volpe in costruzione, colorate e fantasiose spugne di Herm\u00e8s, un Aga Khan giovane e sorridente immerso nei paesaggi delineati magistralmente [&hellip;]<\/p>\n","protected":false},"author":1,"featured_media":0,"parent":0,"menu_order":0,"comment_status":"closed","ping_status":"closed","template":"","meta":{"footnotes":""},"class_list":["post-770","page","type-page","status-publish","hentry"],"_links":{"self":[{"href":"https:\/\/bostonguy.dev.pixelview.it\/index.php?rest_route=\/wp\/v2\/pages\/770","targetHints":{"allow":["GET"]}}],"collection":[{"href":"https:\/\/bostonguy.dev.pixelview.it\/index.php?rest_route=\/wp\/v2\/pages"}],"about":[{"href":"https:\/\/bostonguy.dev.pixelview.it\/index.php?rest_route=\/wp\/v2\/types\/page"}],"author":[{"embeddable":true,"href":"https:\/\/bostonguy.dev.pixelview.it\/index.php?rest_route=\/wp\/v2\/users\/1"}],"replies":[{"embeddable":true,"href":"https:\/\/bostonguy.dev.pixelview.it\/index.php?rest_route=%2Fwp%2Fv2%2Fcomments&post=770"}],"version-history":[{"count":83,"href":"https:\/\/bostonguy.dev.pixelview.it\/index.php?rest_route=\/wp\/v2\/pages\/770\/revisions"}],"predecessor-version":[{"id":1093,"href":"https:\/\/bostonguy.dev.pixelview.it\/index.php?rest_route=\/wp\/v2\/pages\/770\/revisions\/1093"}],"wp:attachment":[{"href":"https:\/\/bostonguy.dev.pixelview.it\/index.php?rest_route=%2Fwp%2Fv2%2Fmedia&parent=770"}],"curies":[{"name":"wp","href":"https:\/\/api.w.org\/{rel}","templated":true}]}}