{"id":847,"date":"2025-08-03T14:00:32","date_gmt":"2025-08-03T14:00:32","guid":{"rendered":"https:\/\/bostonguy.dev.pixelview.it\/?page_id=847"},"modified":"2025-08-03T20:53:43","modified_gmt":"2025-08-03T20:53:43","slug":"chi-siamo","status":"publish","type":"page","link":"https:\/\/bostonguy.dev.pixelview.it\/?page_id=847","title":{"rendered":"Chi Siamo"},"content":{"rendered":"\t\t<div data-elementor-type=\"wp-page\" data-elementor-id=\"847\" class=\"elementor elementor-847\" data-elementor-post-type=\"page\">\n\t\t\t\t<div class=\"elementor-element elementor-element-222e30b e-flex e-con-boxed e-con e-parent\" data-id=\"222e30b\" data-element_type=\"container\" data-settings=\"{&quot;background_background&quot;:&quot;classic&quot;}\">\n\t\t\t\t\t<div class=\"e-con-inner\">\n\t\t<div class=\"elementor-element elementor-element-80c18bf e-con-full e-flex e-con e-child\" data-id=\"80c18bf\" data-element_type=\"container\">\n\t\t\t\t<div class=\"elementor-element elementor-element-2f27cb2 elementor-widget elementor-widget-heading\" data-id=\"2f27cb2\" data-element_type=\"widget\" data-widget_type=\"heading.default\">\n\t\t\t\t\t<h2 class=\"elementor-heading-title elementor-size-default\">CHI SIAMO<\/h2>\t\t\t\t<\/div>\n\t\t\t\t<\/div>\n\t\t<div class=\"elementor-element elementor-element-e2dc577 e-con-full e-flex e-con e-child\" data-id=\"e2dc577\" data-element_type=\"container\">\n\t\t<div class=\"elementor-element elementor-element-ae08592 e-con-full e-flex e-con e-child\" data-id=\"ae08592\" data-element_type=\"container\">\n\t\t\t\t<div class=\"elementor-element elementor-element-f80a487 elementor-widget elementor-widget-text-editor\" data-id=\"f80a487\" data-element_type=\"widget\" data-widget_type=\"text-editor.default\">\n\t\t\t\t\t\t\t\t\tSiamo un team di appassionati, artigiani del mare e cultori della bellezza senza tempo.\nDa anni ci dedichiamo al restauro sartoriale dei Boston Whaler, icone di stile e funzionalit\u00e0 che meritano di tornare a navigare con la stessa eleganza di un tempo \u2014 anzi, meglio di prima.\n\nCrediamo nella qualit\u00e0, nella cura dei dettagli e nella potenza del design originale.\nOgni imbarcazione che passa tra le nostre mani viene trattata come un pezzo unico: smontata, rigenerata e personalizzata secondo i desideri di chi la possiede o la sogna.\n\t\t\t\t\t\t\t\t<\/div>\n\t\t\t\t<\/div>\n\t\t<div class=\"elementor-element elementor-element-2383404 e-con-full e-flex e-con e-child\" data-id=\"2383404\" data-element_type=\"container\">\n\t\t\t\t<div class=\"elementor-element elementor-element-9f4fcf2 elementor-widget elementor-widget-text-editor\" data-id=\"9f4fcf2\" data-element_type=\"widget\" data-widget_type=\"text-editor.default\">\n\t\t\t\t\t\t\t\t\tCrediamo nella qualit\u00e0, nella cura dei dettagli e nella potenza del design originale.\nOgni imbarcazione che passa tra le nostre mani viene trattata come un pezzo unico: smontata, rigenerata e personalizzata secondo i desideri di chi la possiede o la sogna.\n\t\t\t\t\t\t\t\t<\/div>\n\t\t\t\t<\/div>\n\t\t\t\t<\/div>\n\t\t\t\t\t<\/div>\n\t\t\t\t<\/div>\n\t\t<div class=\"elementor-element elementor-element-3760408 e-flex e-con-boxed e-con e-parent\" data-id=\"3760408\" data-element_type=\"container\" data-settings=\"{&quot;background_background&quot;:&quot;classic&quot;}\">\n\t\t\t\t\t<div class=\"e-con-inner\">\n\t\t\t\t\t<\/div>\n\t\t\t\t<\/div>\n\t\t<div class=\"elementor-element elementor-element-79c9121 e-flex e-con-boxed e-con e-parent\" data-id=\"79c9121\" data-element_type=\"container\" data-settings=\"{&quot;background_background&quot;:&quot;classic&quot;}\">\n\t\t\t\t\t<div class=\"e-con-inner\">\n\t\t\t\t<div class=\"elementor-element elementor-element-3efe742 elementor-widget elementor-widget-heading\" data-id=\"3efe742\" data-element_type=\"widget\" data-widget_type=\"heading.default\">\n\t\t\t\t\t<h2 class=\"elementor-heading-title elementor-size-default\">COSA FACCIAMO<\/h2>\t\t\t\t<\/div>\n\t\t<div class=\"elementor-element elementor-element-56081c8 e-grid e-con-full e-con e-child\" data-id=\"56081c8\" data-element_type=\"container\">\n\t\t<div class=\"elementor-element elementor-element-1b06d06 e-con-full e-flex e-con e-child\" data-id=\"1b06d06\" data-element_type=\"container\">\n\t\t<div class=\"elementor-element elementor-element-1c23b1c e-con-full e-flex e-con e-child\" data-id=\"1c23b1c\" data-element_type=\"container\">\n\t\t\t\t<div class=\"elementor-element elementor-element-d98059d elementor-widget elementor-widget-text-editor\" data-id=\"d98059d\" data-element_type=\"widget\" data-widget_type=\"text-editor.default\">\n\t\t\t\t\t\t\t\t\tRESTAURO\t\t\t\t\t\t\t\t<\/div>\n\t\t\t\t<div class=\"elementor-element elementor-element-27a0c9d elementor-widget-divider--view-line elementor-widget elementor-widget-divider\" data-id=\"27a0c9d\" data-element_type=\"widget\" data-widget_type=\"divider.default\">\n\t\t\t\t\t\t\t<div class=\"elementor-divider\">\n\t\t\t<span class=\"elementor-divider-separator\">\n\t\t\t\t\t\t<\/span>\n\t\t<\/div>\n\t\t\t\t\t\t<\/div>\n\t\t\t\t<\/div>\n\t\t<div class=\"elementor-element elementor-element-e1fd5cb e-con-full e-flex e-con e-child\" data-id=\"e1fd5cb\" data-element_type=\"container\" data-settings=\"{&quot;background_background&quot;:&quot;classic&quot;}\">\n\t\t\t\t<\/div>\n\t\t\t\t<div class=\"elementor-element elementor-element-176d2cb elementor-widget elementor-widget-text-editor\" data-id=\"176d2cb\" data-element_type=\"widget\" data-widget_type=\"text-editor.default\">\n\t\t\t\t\t\t\t\t\tRestauro per clienti che possiedono gi\u00e0 un Boston Whaler\t\t\t\t\t\t\t\t<\/div>\n\t\t\t\t<div class=\"elementor-element elementor-element-f30fabf elementor-widget elementor-widget-text-editor\" data-id=\"f30fabf\" data-element_type=\"widget\" data-widget_type=\"text-editor.default\">\n\t\t\t\t\t\t\t\t\tSe hai gi\u00e0 un Boston Whaler, lo riportiamo a nuovo per te. Interveniamo su ogni dettaglio \u2014 dalla vetroresina agli impianti, dai colori all\u2019assetto \u2014 valorizzando la sua anima originale e adattandola al tuo stile di navigazione.\t\t\t\t\t\t\t\t<\/div>\n\t\t\t\t<\/div>\n\t\t<div class=\"elementor-element elementor-element-eb2a061 e-con-full e-flex e-con e-child\" data-id=\"eb2a061\" data-element_type=\"container\">\n\t\t<div class=\"elementor-element elementor-element-b428814 e-con-full e-flex e-con e-child\" data-id=\"b428814\" data-element_type=\"container\">\n\t\t\t\t<div class=\"elementor-element elementor-element-9bda831 elementor-widget elementor-widget-text-editor\" data-id=\"9bda831\" data-element_type=\"widget\" data-widget_type=\"text-editor.default\">\n\t\t\t\t\t\t\t\t\tVENDITA\t\t\t\t\t\t\t\t<\/div>\n\t\t\t\t<div class=\"elementor-element elementor-element-87be075 elementor-widget-divider--view-line elementor-widget elementor-widget-divider\" data-id=\"87be075\" data-element_type=\"widget\" data-widget_type=\"divider.default\">\n\t\t\t\t\t\t\t<div class=\"elementor-divider\">\n\t\t\t<span class=\"elementor-divider-separator\">\n\t\t\t\t\t\t<\/span>\n\t\t<\/div>\n\t\t\t\t\t\t<\/div>\n\t\t\t\t<\/div>\n\t\t<div class=\"elementor-element elementor-element-f5c7170 e-con-full e-flex e-con e-child\" data-id=\"f5c7170\" data-element_type=\"container\" data-settings=\"{&quot;background_background&quot;:&quot;classic&quot;}\">\n\t\t\t\t<\/div>\n\t\t\t\t<div class=\"elementor-element elementor-element-881d4cc elementor-widget elementor-widget-text-editor\" data-id=\"881d4cc\" data-element_type=\"widget\" data-widget_type=\"text-editor.default\">\n\t\t\t\t\t\t\t\t\tVendita di Boston Whaler ristrutturati e customizzati\t\t\t\t\t\t\t\t<\/div>\n\t\t\t\t<div class=\"elementor-element elementor-element-b1276bd elementor-widget elementor-widget-text-editor\" data-id=\"b1276bd\" data-element_type=\"widget\" data-widget_type=\"text-editor.default\">\n\t\t\t\t\t\t\t\t\tSe sogni un Boston Whaler ma non ne possiedi uno, possiamo offrirti modelli restaurati e completamente personalizzabili. Scegli tu come dev\u2019essere: classico, minimal, sportivo, raffinato\u2026 e noi lo realizziamo.\t\t\t\t\t\t\t\t<\/div>\n\t\t\t\t<\/div>\n\t\t<div class=\"elementor-element elementor-element-92f8012 e-con-full e-flex e-con e-child\" data-id=\"92f8012\" data-element_type=\"container\">\n\t\t<div class=\"elementor-element elementor-element-b806226 e-con-full e-flex e-con e-child\" data-id=\"b806226\" data-element_type=\"container\">\n\t\t\t\t<div class=\"elementor-element elementor-element-5d47e40 elementor-widget elementor-widget-text-editor\" data-id=\"5d47e40\" data-element_type=\"widget\" data-widget_type=\"text-editor.default\">\n\t\t\t\t\t\t\t\t\tFORNITURA\t\t\t\t\t\t\t\t<\/div>\n\t\t\t\t<div class=\"elementor-element elementor-element-66f20b0 elementor-widget-divider--view-line elementor-widget elementor-widget-divider\" data-id=\"66f20b0\" data-element_type=\"widget\" data-widget_type=\"divider.default\">\n\t\t\t\t\t\t\t<div class=\"elementor-divider\">\n\t\t\t<span class=\"elementor-divider-separator\">\n\t\t\t\t\t\t<\/span>\n\t\t<\/div>\n\t\t\t\t\t\t<\/div>\n\t\t\t\t<\/div>\n\t\t<div class=\"elementor-element elementor-element-524e81a e-con-full e-flex e-con e-child\" data-id=\"524e81a\" data-element_type=\"container\" data-settings=\"{&quot;background_background&quot;:&quot;classic&quot;}\">\n\t\t\t\t<\/div>\n\t\t\t\t<div class=\"elementor-element elementor-element-85e8561 elementor-widget elementor-widget-text-editor\" data-id=\"85e8561\" data-element_type=\"widget\" data-widget_type=\"text-editor.default\">\n\t\t\t\t\t\t\t\t\tFornitura Boston Whaler per yacht, ville e hospitality\t\t\t\t\t\t\t\t<\/div>\n\t\t\t\t<div class=\"elementor-element elementor-element-1642b24 elementor-widget elementor-widget-text-editor\" data-id=\"1642b24\" data-element_type=\"widget\" data-widget_type=\"text-editor.default\">\n\t\t\t\t\t\t\t\t\tOffriamo anche soluzioni dedicate al mondo del lusso e dell\u2019accoglienza: tender eleganti e funzionali per yacht privati, ville sul mare o ristoranti con accesso nautico. Ogni modello viene adattato con finiture premium e accessori su richiesta\t\t\t\t\t\t\t\t<\/div>\n\t\t\t\t<\/div>\n\t\t\t\t<\/div>\n\t\t\t\t\t<\/div>\n\t\t\t\t<\/div>\n\t\t<div class=\"elementor-element elementor-element-b63238c e-flex e-con-boxed e-con e-parent\" data-id=\"b63238c\" data-element_type=\"container\">\n\t\t\t\t\t<div class=\"e-con-inner\">\n\t\t<div class=\"elementor-element elementor-element-2d9c23f e-con-full e-flex e-con e-child\" data-id=\"2d9c23f\" data-element_type=\"container\" data-settings=\"{&quot;background_background&quot;:&quot;classic&quot;}\">\n\t\t<div class=\"elementor-element elementor-element-88cc49e e-con-full e-flex e-con e-child\" data-id=\"88cc49e\" data-element_type=\"container\" data-settings=\"{&quot;background_background&quot;:&quot;classic&quot;}\">\n\t\t\t\t<\/div>\n\t\t<div class=\"elementor-element elementor-element-6829dd9 e-con-full e-flex e-con e-child\" data-id=\"6829dd9\" data-element_type=\"container\">\n\t\t\t\t<div class=\"elementor-element elementor-element-aaa0165 elementor-widget elementor-widget-heading\" data-id=\"aaa0165\" data-element_type=\"widget\" data-widget_type=\"heading.default\">\n\t\t\t\t\t<h2 class=\"elementor-heading-title elementor-size-default\">CONTATTACI<\/h2>\t\t\t\t<\/div>\n\t\t\t\t<div class=\"elementor-element elementor-element-dfe53b0 elementor-widget elementor-widget-text-editor\" data-id=\"dfe53b0\" data-element_type=\"widget\" data-widget_type=\"text-editor.default\">\n\t\t\t\t\t\t\t\t\t<p>Siamo a tua disposizione per qualsiasi informazione, richiesta di personalizzazione o per avviare il processo di restauro del tuo Boston Whaler. Compila il modulo sottostante.<\/p><p>Comprendiamo il valore della riservatezza. Ogni informazione condivisa con The Boston Guy \u00e8 trattata con la massima confidenzialit\u00e0. Il nostro impegno \u00e8 garantirvi non solo un servizio impeccabile, ma anche la totale tranquillit\u00e0 e sicurezza in ogni interazione.<\/p>\t\t\t\t\t\t\t\t<\/div>\n\t\t\t\t<div class=\"elementor-element elementor-element-867915e elementor-button-align-stretch elementor-widget elementor-widget-form\" data-id=\"867915e\" data-element_type=\"widget\" data-settings=\"{&quot;step_next_label&quot;:&quot;Next&quot;,&quot;step_previous_label&quot;:&quot;Previous&quot;,&quot;button_width&quot;:&quot;100&quot;,&quot;step_type&quot;:&quot;number_text&quot;,&quot;step_icon_shape&quot;:&quot;circle&quot;}\" data-widget_type=\"form.default\">\n\t\t\t\t\t\t\t<form class=\"elementor-form\" method=\"post\" name=\"New Form\" aria-label=\"New Form\">\n\t\t\t<input type=\"hidden\" name=\"post_id\" value=\"847\"\/>\n\t\t\t<input type=\"hidden\" name=\"form_id\" value=\"867915e\"\/>\n\t\t\t<input type=\"hidden\" name=\"referer_title\" value=\"Chi Siamo\" \/>\n\n\t\t\t\t\t\t\t<input type=\"hidden\" name=\"queried_id\" value=\"847\"\/>\n\t\t\t\n\t\t\t<div class=\"elementor-form-fields-wrapper elementor-labels-above\">\n\t\t\t\t\t\t\t\t<div class=\"elementor-field-type-text elementor-field-group elementor-column elementor-field-group-name elementor-col-100 elementor-field-required\">\n\t\t\t\t\t\t\t\t\t\t\t\t\t<input size=\"1\" type=\"text\" name=\"form_fields[name]\" id=\"form-field-name\" class=\"elementor-field elementor-size-lg  elementor-field-textual\" placeholder=\"Nome\" required=\"required\">\n\t\t\t\t\t\t\t\t\t\t\t<\/div>\n\t\t\t\t\t\t\t\t<div class=\"elementor-field-type-email elementor-field-group elementor-column elementor-field-group-email elementor-col-100 elementor-field-required\">\n\t\t\t\t\t\t\t\t\t\t\t\t\t<input size=\"1\" type=\"email\" name=\"form_fields[email]\" id=\"form-field-email\" class=\"elementor-field elementor-size-lg  elementor-field-textual\" placeholder=\"Email\" required=\"required\">\n\t\t\t\t\t\t\t\t\t\t\t<\/div>\n\t\t\t\t\t\t\t\t<div class=\"elementor-field-type-number elementor-field-group elementor-column elementor-field-group-field_d4bb28b elementor-col-100 elementor-field-required\">\n\t\t\t\t\t\t\t\t<input type=\"number\" name=\"form_fields[field_d4bb28b]\" id=\"form-field-field_d4bb28b\" class=\"elementor-field elementor-size-lg  elementor-field-textual\" placeholder=\"Telefono\" required=\"required\" min=\"\" max=\"\" >\n\t\t\t\t\t\t<\/div>\n\t\t\t\t\t\t\t\t<div class=\"elementor-field-type-textarea elementor-field-group elementor-column elementor-field-group-message elementor-col-100\">\n\t\t\t\t\t<textarea class=\"elementor-field-textual elementor-field  elementor-size-lg\" name=\"form_fields[message]\" id=\"form-field-message\" rows=\"4\" placeholder=\"Messaggio\"><\/textarea>\t\t\t\t<\/div>\n\t\t\t\t\t\t\t\t<div class=\"elementor-field-group elementor-column elementor-field-type-submit elementor-col-100 e-form__buttons\">\n\t\t\t\t\t<button class=\"elementor-button elementor-size-sm\" type=\"submit\">\n\t\t\t\t\t\t<span class=\"elementor-button-content-wrapper\">\n\t\t\t\t\t\t\t\t\t\t\t\t\t\t\t\t\t\t\t\t\t\t<span class=\"elementor-button-text\">INVIA RICHIESTA<\/span>\n\t\t\t\t\t\t\t\t\t\t\t\t\t<\/span>\n\t\t\t\t\t<\/button>\n\t\t\t\t<\/div>\n\t\t\t<\/div>\n\t\t<\/form>\n\t\t\t\t\t\t<\/div>\n\t\t\t\t<\/div>\n\t\t\t\t<\/div>\n\t\t\t\t\t<\/div>\n\t\t\t\t<\/div>\n\t\t\t\t<\/div>\n\t\t","protected":false},"excerpt":{"rendered":"<p>CHI SIAMO Siamo un team di appassionati, artigiani del mare e cultori della bellezza senza tempo. Da anni ci dedichiamo al restauro sartoriale dei Boston Whaler, icone di stile e funzionalit\u00e0 che meritano di tornare a navigare con la stessa eleganza di un tempo \u2014 anzi, meglio di prima. Crediamo nella qualit\u00e0, nella cura dei [&hellip;]<\/p>\n","protected":false},"author":1,"featured_media":0,"parent":0,"menu_order":0,"comment_status":"closed","ping_status":"closed","template":"","meta":{"footnotes":""},"class_list":["post-847","page","type-page","status-publish","hentry"],"_links":{"self":[{"href":"https:\/\/bostonguy.dev.pixelview.it\/index.php?rest_route=\/wp\/v2\/pages\/847","targetHints":{"allow":["GET"]}}],"collection":[{"href":"https:\/\/bostonguy.dev.pixelview.it\/index.php?rest_route=\/wp\/v2\/pages"}],"about":[{"href":"https:\/\/bostonguy.dev.pixelview.it\/index.php?rest_route=\/wp\/v2\/types\/page"}],"author":[{"embeddable":true,"href":"https:\/\/bostonguy.dev.pixelview.it\/index.php?rest_route=\/wp\/v2\/users\/1"}],"replies":[{"embeddable":true,"href":"https:\/\/bostonguy.dev.pixelview.it\/index.php?rest_route=%2Fwp%2Fv2%2Fcomments&post=847"}],"version-history":[{"count":61,"href":"https:\/\/bostonguy.dev.pixelview.it\/index.php?rest_route=\/wp\/v2\/pages\/847\/revisions"}],"predecessor-version":[{"id":1081,"href":"https:\/\/bostonguy.dev.pixelview.it\/index.php?rest_route=\/wp\/v2\/pages\/847\/revisions\/1081"}],"wp:attachment":[{"href":"https:\/\/bostonguy.dev.pixelview.it\/index.php?rest_route=%2Fwp%2Fv2%2Fmedia&parent=847"}],"curies":[{"name":"wp","href":"https:\/\/api.w.org\/{rel}","templated":true}]}}